{"id":9,"date":"2022-02-22T19:29:57","date_gmt":"2022-02-22T19:29:57","guid":{"rendered":"https:\/\/decoracionesval.com\/home\/?page_id=9"},"modified":"2025-07-09T18:31:46","modified_gmt":"2025-07-09T18:31:46","slug":"contact","status":"publish","type":"page","link":"https:\/\/decoracionesval.com\/home\/?page_id=9","title":{"rendered":"CONTACTO"},"content":{"rendered":"\n<p class=\"has-ast-global-color-1-color has-text-color has-medium-font-size\"><strong><strong>\u00bfTienes dudas o quieres una cotizaci\u00f3n r\u00e1pida?<br><\/strong>Cotiza sin compromiso con nosotros:<\/strong><\/p>\n\n\n\n<section class=\"wp-block-uagb-columns uagb-columns__wrap uagb-columns__background-none uagb-columns__stack-tablet uagb-columns__valign- uagb-columns__gap-10 align uagb-block-b8c316f7 uagb-columns__columns-1 uagb-columns__max_width-custom\"><div class=\"uagb-columns__overlay\"><\/div><div class=\"uagb-columns__inner-wrap uagb-columns__columns-1\">\n<div class=\"wp-block-uagb-column uagb-column__wrap uagb-column__background-gradient uagb-block-37c0f10c\"><div class=\"uagb-column__overlay\"><\/div>\n<div style=\"text-align: center;\">\n\n  <a href=\"mailto:ventas@decoracionesval.com\"\n     style=\"display: inline-block; margin: 8px; padding: 12px 24px; background-color: #0073e6; color: white; text-decoration: none; border-radius: 6px; font-weight: 600;\">\n    \ud83d\udce9 Env\u00edanos un correo\n  <\/a>\n\n  <br>\n\n  <a href=\"https:\/\/wa.me\/528112188083\"\n     style=\"display: inline-block; margin: 8px; padding: 12px 24px; background-color: #25D366; color: white; text-decoration: none; border-radius: 6px; font-weight: 600;\">\n    \ud83d\udcac Escr\u00edbenos por WhatsApp\n  <\/a>\n\n<\/div>\n<\/div>\n<\/div><\/section>\n","protected":false},"excerpt":{"rendered":"<p>\u00bfTienes dudas o quieres una cotizaci\u00f3n r\u00e1pida?Cotiza sin compromiso con nosotros: \ud83d\udce9 Env\u00edanos un correo \ud83d\udcac Escr\u00edbenos por WhatsApp<\/p>\n","protected":false},"author":1,"featured_media":0,"parent":0,"menu_order":0,"comment_status":"closed","ping_status":"closed","template":"","meta":{"_uag_custom_page_level_css":"","site-sidebar-layout":"default","site-content-layout":"default","ast-main-header-display":"","ast-hfb-above-header-display":"","ast-hfb-below-header-display":"","ast-hfb-mobile-header-display":"","site-post-title":"","ast-breadcrumbs-content":"","ast-featured-img":"","footer-sml-layout":"","theme-transparent-header-meta":"","adv-header-id-meta":"","stick-header-meta":"","header-above-stick-meta":"","header-main-stick-meta":"","header-below-stick-meta":"","footnotes":""},"class_list":["post-9","page","type-page","status-publish","hentry"],"yoast_head":"<!-- This site is optimized with the Yoast SEO plugin v18.4.1 - https:\/\/yoast.com\/wordpress\/plugins\/seo\/ -->\n<title>CONTACTO - Decoraciones Val<\/title>\n<meta name=\"robots\" content=\"index, follow, max-snippet:-1, max-image-preview:large, max-video-preview:-1\" \/>\n<link rel=\"canonical\" href=\"https:\/\/decoracionesval.com\/home\/?page_id=9\" \/>\n<meta property=\"og:locale\" content=\"es_ES\" \/>\n<meta property=\"og:type\" content=\"article\" \/>\n<meta property=\"og:title\" content=\"CONTACTO - Decoraciones Val\" \/>\n<meta property=\"og:description\" content=\"\u00bfTienes dudas o quieres una cotizaci\u00f3n r\u00e1pida?Cotiza sin compromiso con nosotros: \ud83d\udce9 Env\u00edanos un correo \ud83d\udcac Escr\u00edbenos por WhatsApp\" \/>\n<meta property=\"og:url\" content=\"https:\/\/decoracionesval.com\/home\/?page_id=9\" \/>\n<meta property=\"og:site_name\" content=\"Decoraciones Val\" \/>\n<meta property=\"article:modified_time\" content=\"2025-07-09T18:31:46+00:00\" \/>\n<meta name=\"twitter:card\" content=\"summary_large_image\" \/>\n<meta name=\"twitter:label1\" content=\"Tiempo de lectura\" \/>\n\t<meta name=\"twitter:data1\" content=\"1 minuto\" \/>\n<script type=\"application\/ld+json\" class=\"yoast-schema-graph\">{\"@context\":\"https:\/\/schema.org\",\"@graph\":[{\"@type\":\"Organization\",\"@id\":\"https:\/\/decoracionesval.com\/home\/#organization\",\"name\":\"Decoraciones Val\",\"url\":\"https:\/\/decoracionesval.com\/home\/\",\"sameAs\":[],\"logo\":{\"@type\":\"ImageObject\",\"@id\":\"https:\/\/decoracionesval.com\/home\/#logo\",\"inLanguage\":\"es\",\"url\":\"https:\/\/decoracionesval.com\/home\/wp-content\/uploads\/2022\/03\/12011385_1492077974450793_6920061430144974907_n.png\",\"contentUrl\":\"https:\/\/decoracionesval.com\/home\/wp-content\/uploads\/2022\/03\/12011385_1492077974450793_6920061430144974907_n.png\",\"width\":640,\"height\":640,\"caption\":\"Decoraciones Val\"},\"image\":{\"@id\":\"https:\/\/decoracionesval.com\/home\/#logo\"}},{\"@type\":\"WebSite\",\"@id\":\"https:\/\/decoracionesval.com\/home\/#website\",\"url\":\"https:\/\/decoracionesval.com\/home\/\",\"name\":\"Decoraciones Val\",\"description\":\"M\u00e1s de 50 a\u00f1os de experiencia en residencial y hoteler\u00eda\",\"publisher\":{\"@id\":\"https:\/\/decoracionesval.com\/home\/#organization\"},\"potentialAction\":[{\"@type\":\"SearchAction\",\"target\":{\"@type\":\"EntryPoint\",\"urlTemplate\":\"https:\/\/decoracionesval.com\/home\/?s={search_term_string}\"},\"query-input\":\"required name=search_term_string\"}],\"inLanguage\":\"es\"},{\"@type\":\"WebPage\",\"@id\":\"https:\/\/decoracionesval.com\/home\/?page_id=9#webpage\",\"url\":\"https:\/\/decoracionesval.com\/home\/?page_id=9\",\"name\":\"CONTACTO - Decoraciones Val\",\"isPartOf\":{\"@id\":\"https:\/\/decoracionesval.com\/home\/#website\"},\"datePublished\":\"2022-02-22T19:29:57+00:00\",\"dateModified\":\"2025-07-09T18:31:46+00:00\",\"breadcrumb\":{\"@id\":\"https:\/\/decoracionesval.com\/home\/?page_id=9#breadcrumb\"},\"inLanguage\":\"es\",\"potentialAction\":[{\"@type\":\"ReadAction\",\"target\":[\"https:\/\/decoracionesval.com\/home\/?page_id=9\"]}]},{\"@type\":\"BreadcrumbList\",\"@id\":\"https:\/\/decoracionesval.com\/home\/?page_id=9#breadcrumb\",\"itemListElement\":[{\"@type\":\"ListItem\",\"position\":1,\"name\":\"Portada\",\"item\":\"https:\/\/decoracionesval.com\/home\/\"},{\"@type\":\"ListItem\",\"position\":2,\"name\":\"CONTACTO\"}]}]}<\/script>\n<!-- \/ Yoast SEO plugin. -->","yoast_head_json":{"title":"CONTACTO - Decoraciones Val","robots":{"index":"index","follow":"follow","max-snippet":"max-snippet:-1","max-image-preview":"max-image-preview:large","max-video-preview":"max-video-preview:-1"},"canonical":"https:\/\/decoracionesval.com\/home\/?page_id=9","og_locale":"es_ES","og_type":"article","og_title":"CONTACTO - Decoraciones Val","og_description":"\u00bfTienes dudas o quieres una cotizaci\u00f3n r\u00e1pida?Cotiza sin compromiso con nosotros: \ud83d\udce9 Env\u00edanos un correo \ud83d\udcac Escr\u00edbenos por WhatsApp","og_url":"https:\/\/decoracionesval.com\/home\/?page_id=9","og_site_name":"Decoraciones Val","article_modified_time":"2025-07-09T18:31:46+00:00","twitter_card":"summary_large_image","twitter_misc":{"Tiempo de lectura":"1 minuto"},"schema":{"@context":"https:\/\/schema.org","@graph":[{"@type":"Organization","@id":"https:\/\/decoracionesval.com\/home\/#organization","name":"Decoraciones Val","url":"https:\/\/decoracionesval.com\/home\/","sameAs":[],"logo":{"@type":"ImageObject","@id":"https:\/\/decoracionesval.com\/home\/#logo","inLanguage":"es","url":"https:\/\/decoracionesval.com\/home\/wp-content\/uploads\/2022\/03\/12011385_1492077974450793_6920061430144974907_n.png","contentUrl":"https:\/\/decoracionesval.com\/home\/wp-content\/uploads\/2022\/03\/12011385_1492077974450793_6920061430144974907_n.png","width":640,"height":640,"caption":"Decoraciones Val"},"image":{"@id":"https:\/\/decoracionesval.com\/home\/#logo"}},{"@type":"WebSite","@id":"https:\/\/decoracionesval.com\/home\/#website","url":"https:\/\/decoracionesval.com\/home\/","name":"Decoraciones Val","description":"M\u00e1s de 50 a\u00f1os de experiencia en residencial y hoteler\u00eda","publisher":{"@id":"https:\/\/decoracionesval.com\/home\/#organization"},"potentialAction":[{"@type":"SearchAction","target":{"@type":"EntryPoint","urlTemplate":"https:\/\/decoracionesval.com\/home\/?s={search_term_string}"},"query-input":"required name=search_term_string"}],"inLanguage":"es"},{"@type":"WebPage","@id":"https:\/\/decoracionesval.com\/home\/?page_id=9#webpage","url":"https:\/\/decoracionesval.com\/home\/?page_id=9","name":"CONTACTO - Decoraciones Val","isPartOf":{"@id":"https:\/\/decoracionesval.com\/home\/#website"},"datePublished":"2022-02-22T19:29:57+00:00","dateModified":"2025-07-09T18:31:46+00:00","breadcrumb":{"@id":"https:\/\/decoracionesval.com\/home\/?page_id=9#breadcrumb"},"inLanguage":"es","potentialAction":[{"@type":"ReadAction","target":["https:\/\/decoracionesval.com\/home\/?page_id=9"]}]},{"@type":"BreadcrumbList","@id":"https:\/\/decoracionesval.com\/home\/?page_id=9#breadcrumb","itemListElement":[{"@type":"ListItem","position":1,"name":"Portada","item":"https:\/\/decoracionesval.com\/home\/"},{"@type":"ListItem","position":2,"name":"CONTACTO"}]}]}},"uagb_featured_image_src":{"full":false,"thumbnail":false,"medium":false,"medium_large":false,"large":false,"1536x1536":false,"2048x2048":false},"uagb_author_info":{"display_name":"admin","author_link":"https:\/\/decoracionesval.com\/home\/?author=1"},"uagb_comment_info":0,"uagb_excerpt":"\u00bfTienes dudas o quieres una cotizaci\u00f3n r\u00e1pida?Cotiza sin compromiso con nosotros: \ud83d\udce9 Env\u00edanos un correo \ud83d\udcac Escr\u00edbenos por WhatsApp","_links":{"self":[{"href":"https:\/\/decoracionesval.com\/home\/index.php?rest_route=\/wp\/v2\/pages\/9","targetHints":{"allow":["GET"]}}],"collection":[{"href":"https:\/\/decoracionesval.com\/home\/index.php?rest_route=\/wp\/v2\/pages"}],"about":[{"href":"https:\/\/decoracionesval.com\/home\/index.php?rest_route=\/wp\/v2\/types\/page"}],"author":[{"embeddable":true,"href":"https:\/\/decoracionesval.com\/home\/index.php?rest_route=\/wp\/v2\/users\/1"}],"replies":[{"embeddable":true,"href":"https:\/\/decoracionesval.com\/home\/index.php?rest_route=%2Fwp%2Fv2%2Fcomments&post=9"}],"version-history":[{"count":27,"href":"https:\/\/decoracionesval.com\/home\/index.php?rest_route=\/wp\/v2\/pages\/9\/revisions"}],"predecessor-version":[{"id":410,"href":"https:\/\/decoracionesval.com\/home\/index.php?rest_route=\/wp\/v2\/pages\/9\/revisions\/410"}],"wp:attachment":[{"href":"https:\/\/decoracionesval.com\/home\/index.php?rest_route=%2Fwp%2Fv2%2Fmedia&parent=9"}],"curies":[{"name":"wp","href":"https:\/\/api.w.org\/{rel}","templated":true}]}}