{"id":8,"date":"2022-02-22T19:29:57","date_gmt":"2022-02-22T19:29:57","guid":{"rendered":"https:\/\/decoracionesval.com\/home\/?page_id=8"},"modified":"2022-03-29T03:16:04","modified_gmt":"2022-03-29T03:16:04","slug":"about","status":"publish","type":"page","link":"https:\/\/decoracionesval.com\/home\/?page_id=8","title":{"rendered":"PRODUCTOS"},"content":{"rendered":"\n<section class=\"wp-block-uagb-columns uagb-columns__wrap uagb-columns__background-undefined uagb-columns__stack-mobile uagb-columns__valign-undefined uagb-columns__gap-10 alignundefined uagb-block-32bfc07f\"><div class=\"uagb-columns__overlay\"><\/div><div class=\"uagb-columns__inner-wrap uagb-columns__columns-2\">\n<div class=\"wp-block-uagb-column uagb-column__wrap uagb-column__background-none uagb-block-7173134f\"><div class=\"uagb-column__overlay\"><\/div><div class=\"uagb-column__inner-wrap\">\n<figure class=\"wp-block-image size-full is-resized\"><img loading=\"lazy\" decoding=\"async\" src=\"https:\/\/decoracionesval.com\/home\/wp-content\/uploads\/2022\/03\/persiana-HOME.jpg\" alt=\"\" class=\"wp-image-232\" width=\"417\" height=\"417\" srcset=\"https:\/\/decoracionesval.com\/home\/wp-content\/uploads\/2022\/03\/persiana-HOME.jpg 762w, https:\/\/decoracionesval.com\/home\/wp-content\/uploads\/2022\/03\/persiana-HOME-300x300.jpg 300w, https:\/\/decoracionesval.com\/home\/wp-content\/uploads\/2022\/03\/persiana-HOME-150x150.jpg 150w\" sizes=\"auto, (max-width: 417px) 100vw, 417px\" \/><\/figure>\n\n\n\n<p><strong><em><mark style=\"background-color:rgba(0, 0, 0, 0)\" class=\"has-inline-color has-ast-global-color-1-color\">PERSIANAS DE MADERA<\/mark><\/em><\/strong><\/p>\n<\/div><\/div>\n\n\n\n<div class=\"wp-block-uagb-column uagb-column__wrap uagb-column__background-none uagb-block-cd162118\"><div class=\"uagb-column__overlay\"><\/div><div class=\"uagb-column__inner-wrap\">\n<figure class=\"wp-block-image size-full is-resized\"><img loading=\"lazy\" decoding=\"async\" src=\"https:\/\/decoracionesval.com\/home\/wp-content\/uploads\/2022\/03\/Captura-de-Pantalla-2022-03-11-a-las-18.05.40-1.png\" alt=\"\" class=\"wp-image-199\" width=\"412\" height=\"416\" srcset=\"https:\/\/decoracionesval.com\/home\/wp-content\/uploads\/2022\/03\/Captura-de-Pantalla-2022-03-11-a-las-18.05.40-1.png 441w, https:\/\/decoracionesval.com\/home\/wp-content\/uploads\/2022\/03\/Captura-de-Pantalla-2022-03-11-a-las-18.05.40-1-297x300.png 297w, https:\/\/decoracionesval.com\/home\/wp-content\/uploads\/2022\/03\/Captura-de-Pantalla-2022-03-11-a-las-18.05.40-1-150x150.png 150w\" sizes=\"auto, (max-width: 412px) 100vw, 412px\" \/><\/figure>\n\n\n\n<p><strong><em><mark style=\"background-color:rgba(0, 0, 0, 0)\" class=\"has-inline-color has-ast-global-color-1-color\">CORTINAS<\/mark><\/em><\/strong><\/p>\n<\/div><\/div>\n<\/div><\/section>\n\n\n\n<section class=\"wp-block-uagb-columns uagb-columns__wrap uagb-columns__background-undefined uagb-columns__stack-mobile uagb-columns__valign-undefined uagb-columns__gap-10 alignundefined uagb-block-00005f74\"><div class=\"uagb-columns__overlay\"><\/div><div class=\"uagb-columns__inner-wrap uagb-columns__columns-2\">\n<div class=\"wp-block-uagb-column uagb-column__wrap uagb-column__background-undefined uagb-block-626c41d9\"><div class=\"uagb-column__overlay\"><\/div><div class=\"uagb-column__inner-wrap\">\n<figure class=\"wp-block-image size-full is-resized\"><img loading=\"lazy\" decoding=\"async\" src=\"https:\/\/decoracionesval.com\/home\/wp-content\/uploads\/2022\/03\/persianas-de-aluminio-de-25mm-color-moka-cortinashd-peru-2.png\" alt=\"\" class=\"wp-image-203\" width=\"409\" height=\"409\" srcset=\"https:\/\/decoracionesval.com\/home\/wp-content\/uploads\/2022\/03\/persianas-de-aluminio-de-25mm-color-moka-cortinashd-peru-2.png 800w, https:\/\/decoracionesval.com\/home\/wp-content\/uploads\/2022\/03\/persianas-de-aluminio-de-25mm-color-moka-cortinashd-peru-2-300x300.png 300w, https:\/\/decoracionesval.com\/home\/wp-content\/uploads\/2022\/03\/persianas-de-aluminio-de-25mm-color-moka-cortinashd-peru-2-150x150.png 150w, https:\/\/decoracionesval.com\/home\/wp-content\/uploads\/2022\/03\/persianas-de-aluminio-de-25mm-color-moka-cortinashd-peru-2-768x768.png 768w\" sizes=\"auto, (max-width: 409px) 100vw, 409px\" \/><\/figure>\n\n\n\n<p><strong><em><mark style=\"background-color:rgba(0, 0, 0, 0)\" class=\"has-inline-color has-ast-global-color-1-color\">MOTORIZACION<\/mark><\/em><\/strong><\/p>\n<\/div><\/div>\n\n\n\n<div class=\"wp-block-uagb-column uagb-column__wrap uagb-column__background-undefined uagb-block-c7ff7199\"><div class=\"uagb-column__overlay\"><\/div><div class=\"uagb-column__inner-wrap\">\n<figure class=\"wp-block-image size-full is-resized\"><img loading=\"lazy\" decoding=\"async\" src=\"https:\/\/decoracionesval.com\/home\/wp-content\/uploads\/2022\/03\/esnb8244-521995.png\" alt=\"\" class=\"wp-image-230\" width=\"443\" height=\"408\" srcset=\"https:\/\/decoracionesval.com\/home\/wp-content\/uploads\/2022\/03\/esnb8244-521995.png 600w, https:\/\/decoracionesval.com\/home\/wp-content\/uploads\/2022\/03\/esnb8244-521995-300x277.png 300w\" sizes=\"auto, (max-width: 443px) 100vw, 443px\" \/><\/figure>\n\n\n\n<p><strong><em><mark style=\"background-color:rgba(0, 0, 0, 0)\" class=\"has-inline-color has-ast-global-color-1-color\">PERSIANAS ENRROLLABLES<\/mark><\/em><\/strong><\/p>\n<\/div><\/div>\n<\/div><\/section>\n","protected":false},"excerpt":{"rendered":"<p>PERSIANAS DE MADERA CORTINAS MOTORIZACION PERSIANAS ENRROLLABLES<\/p>\n","protected":false},"author":1,"featured_media":0,"parent":0,"menu_order":0,"comment_status":"closed","ping_status":"closed","template":"","meta":{"_uag_custom_page_level_css":"","site-sidebar-layout":"default","site-content-layout":"default","ast-main-header-display":"","ast-hfb-above-header-display":"","ast-hfb-below-header-display":"","ast-hfb-mobile-header-display":"","site-post-title":"","ast-breadcrumbs-content":"","ast-featured-img":"","footer-sml-layout":"","theme-transparent-header-meta":"","adv-header-id-meta":"","stick-header-meta":"","header-above-stick-meta":"","header-main-stick-meta":"","header-below-stick-meta":"","footnotes":""},"class_list":["post-8","page","type-page","status-publish","hentry"],"yoast_head":"<!-- This site is optimized with the Yoast SEO plugin v18.4.1 - https:\/\/yoast.com\/wordpress\/plugins\/seo\/ -->\n<title>PRODUCTOS - Decoraciones Val<\/title>\n<meta name=\"robots\" content=\"index, follow, max-snippet:-1, max-image-preview:large, max-video-preview:-1\" \/>\n<link rel=\"canonical\" href=\"https:\/\/decoracionesval.com\/home\/?page_id=8\" \/>\n<meta property=\"og:locale\" content=\"es_ES\" \/>\n<meta property=\"og:type\" content=\"article\" \/>\n<meta property=\"og:title\" content=\"PRODUCTOS - Decoraciones Val\" \/>\n<meta property=\"og:description\" content=\"PERSIANAS DE MADERA CORTINAS MOTORIZACION PERSIANAS ENRROLLABLES\" \/>\n<meta property=\"og:url\" content=\"https:\/\/decoracionesval.com\/home\/?page_id=8\" \/>\n<meta property=\"og:site_name\" content=\"Decoraciones Val\" \/>\n<meta property=\"article:modified_time\" content=\"2022-03-29T03:16:04+00:00\" \/>\n<meta property=\"og:image\" content=\"https:\/\/decoracionesval.com\/home\/wp-content\/uploads\/2022\/03\/persiana-HOME.jpg\" \/>\n<meta name=\"twitter:card\" content=\"summary_large_image\" \/>\n<script type=\"application\/ld+json\" class=\"yoast-schema-graph\">{\"@context\":\"https:\/\/schema.org\",\"@graph\":[{\"@type\":\"Organization\",\"@id\":\"https:\/\/decoracionesval.com\/home\/#organization\",\"name\":\"Decoraciones Val\",\"url\":\"https:\/\/decoracionesval.com\/home\/\",\"sameAs\":[],\"logo\":{\"@type\":\"ImageObject\",\"@id\":\"https:\/\/decoracionesval.com\/home\/#logo\",\"inLanguage\":\"es\",\"url\":\"https:\/\/decoracionesval.com\/home\/wp-content\/uploads\/2022\/03\/12011385_1492077974450793_6920061430144974907_n.png\",\"contentUrl\":\"https:\/\/decoracionesval.com\/home\/wp-content\/uploads\/2022\/03\/12011385_1492077974450793_6920061430144974907_n.png\",\"width\":640,\"height\":640,\"caption\":\"Decoraciones Val\"},\"image\":{\"@id\":\"https:\/\/decoracionesval.com\/home\/#logo\"}},{\"@type\":\"WebSite\",\"@id\":\"https:\/\/decoracionesval.com\/home\/#website\",\"url\":\"https:\/\/decoracionesval.com\/home\/\",\"name\":\"Decoraciones Val\",\"description\":\"M\u00e1s de 50 a\u00f1os de experiencia en residencial y hoteler\u00eda\",\"publisher\":{\"@id\":\"https:\/\/decoracionesval.com\/home\/#organization\"},\"potentialAction\":[{\"@type\":\"SearchAction\",\"target\":{\"@type\":\"EntryPoint\",\"urlTemplate\":\"https:\/\/decoracionesval.com\/home\/?s={search_term_string}\"},\"query-input\":\"required name=search_term_string\"}],\"inLanguage\":\"es\"},{\"@type\":\"ImageObject\",\"@id\":\"https:\/\/decoracionesval.com\/home\/?page_id=8#primaryimage\",\"inLanguage\":\"es\",\"url\":\"https:\/\/decoracionesval.com\/home\/wp-content\/uploads\/2022\/03\/persiana-HOME.jpg\",\"contentUrl\":\"https:\/\/decoracionesval.com\/home\/wp-content\/uploads\/2022\/03\/persiana-HOME.jpg\",\"width\":762,\"height\":762},{\"@type\":\"WebPage\",\"@id\":\"https:\/\/decoracionesval.com\/home\/?page_id=8#webpage\",\"url\":\"https:\/\/decoracionesval.com\/home\/?page_id=8\",\"name\":\"PRODUCTOS - Decoraciones Val\",\"isPartOf\":{\"@id\":\"https:\/\/decoracionesval.com\/home\/#website\"},\"primaryImageOfPage\":{\"@id\":\"https:\/\/decoracionesval.com\/home\/?page_id=8#primaryimage\"},\"datePublished\":\"2022-02-22T19:29:57+00:00\",\"dateModified\":\"2022-03-29T03:16:04+00:00\",\"breadcrumb\":{\"@id\":\"https:\/\/decoracionesval.com\/home\/?page_id=8#breadcrumb\"},\"inLanguage\":\"es\",\"potentialAction\":[{\"@type\":\"ReadAction\",\"target\":[\"https:\/\/decoracionesval.com\/home\/?page_id=8\"]}]},{\"@type\":\"BreadcrumbList\",\"@id\":\"https:\/\/decoracionesval.com\/home\/?page_id=8#breadcrumb\",\"itemListElement\":[{\"@type\":\"ListItem\",\"position\":1,\"name\":\"Portada\",\"item\":\"https:\/\/decoracionesval.com\/home\/\"},{\"@type\":\"ListItem\",\"position\":2,\"name\":\"PRODUCTOS\"}]}]}<\/script>\n<!-- \/ Yoast SEO plugin. -->","yoast_head_json":{"title":"PRODUCTOS - Decoraciones Val","robots":{"index":"index","follow":"follow","max-snippet":"max-snippet:-1","max-image-preview":"max-image-preview:large","max-video-preview":"max-video-preview:-1"},"canonical":"https:\/\/decoracionesval.com\/home\/?page_id=8","og_locale":"es_ES","og_type":"article","og_title":"PRODUCTOS - Decoraciones Val","og_description":"PERSIANAS DE MADERA CORTINAS MOTORIZACION PERSIANAS ENRROLLABLES","og_url":"https:\/\/decoracionesval.com\/home\/?page_id=8","og_site_name":"Decoraciones Val","article_modified_time":"2022-03-29T03:16:04+00:00","og_image":[{"url":"https:\/\/decoracionesval.com\/home\/wp-content\/uploads\/2022\/03\/persiana-HOME.jpg"}],"twitter_card":"summary_large_image","schema":{"@context":"https:\/\/schema.org","@graph":[{"@type":"Organization","@id":"https:\/\/decoracionesval.com\/home\/#organization","name":"Decoraciones Val","url":"https:\/\/decoracionesval.com\/home\/","sameAs":[],"logo":{"@type":"ImageObject","@id":"https:\/\/decoracionesval.com\/home\/#logo","inLanguage":"es","url":"https:\/\/decoracionesval.com\/home\/wp-content\/uploads\/2022\/03\/12011385_1492077974450793_6920061430144974907_n.png","contentUrl":"https:\/\/decoracionesval.com\/home\/wp-content\/uploads\/2022\/03\/12011385_1492077974450793_6920061430144974907_n.png","width":640,"height":640,"caption":"Decoraciones Val"},"image":{"@id":"https:\/\/decoracionesval.com\/home\/#logo"}},{"@type":"WebSite","@id":"https:\/\/decoracionesval.com\/home\/#website","url":"https:\/\/decoracionesval.com\/home\/","name":"Decoraciones Val","description":"M\u00e1s de 50 a\u00f1os de experiencia en residencial y hoteler\u00eda","publisher":{"@id":"https:\/\/decoracionesval.com\/home\/#organization"},"potentialAction":[{"@type":"SearchAction","target":{"@type":"EntryPoint","urlTemplate":"https:\/\/decoracionesval.com\/home\/?s={search_term_string}"},"query-input":"required name=search_term_string"}],"inLanguage":"es"},{"@type":"ImageObject","@id":"https:\/\/decoracionesval.com\/home\/?page_id=8#primaryimage","inLanguage":"es","url":"https:\/\/decoracionesval.com\/home\/wp-content\/uploads\/2022\/03\/persiana-HOME.jpg","contentUrl":"https:\/\/decoracionesval.com\/home\/wp-content\/uploads\/2022\/03\/persiana-HOME.jpg","width":762,"height":762},{"@type":"WebPage","@id":"https:\/\/decoracionesval.com\/home\/?page_id=8#webpage","url":"https:\/\/decoracionesval.com\/home\/?page_id=8","name":"PRODUCTOS - Decoraciones Val","isPartOf":{"@id":"https:\/\/decoracionesval.com\/home\/#website"},"primaryImageOfPage":{"@id":"https:\/\/decoracionesval.com\/home\/?page_id=8#primaryimage"},"datePublished":"2022-02-22T19:29:57+00:00","dateModified":"2022-03-29T03:16:04+00:00","breadcrumb":{"@id":"https:\/\/decoracionesval.com\/home\/?page_id=8#breadcrumb"},"inLanguage":"es","potentialAction":[{"@type":"ReadAction","target":["https:\/\/decoracionesval.com\/home\/?page_id=8"]}]},{"@type":"BreadcrumbList","@id":"https:\/\/decoracionesval.com\/home\/?page_id=8#breadcrumb","itemListElement":[{"@type":"ListItem","position":1,"name":"Portada","item":"https:\/\/decoracionesval.com\/home\/"},{"@type":"ListItem","position":2,"name":"PRODUCTOS"}]}]}},"uagb_featured_image_src":{"full":false,"thumbnail":false,"medium":false,"medium_large":false,"large":false,"1536x1536":false,"2048x2048":false},"uagb_author_info":{"display_name":"admin","author_link":"https:\/\/decoracionesval.com\/home\/?author=1"},"uagb_comment_info":0,"uagb_excerpt":"PERSIANAS DE MADERA CORTINAS MOTORIZACION PERSIANAS ENRROLLABLES","_links":{"self":[{"href":"https:\/\/decoracionesval.com\/home\/index.php?rest_route=\/wp\/v2\/pages\/8","targetHints":{"allow":["GET"]}}],"collection":[{"href":"https:\/\/decoracionesval.com\/home\/index.php?rest_route=\/wp\/v2\/pages"}],"about":[{"href":"https:\/\/decoracionesval.com\/home\/index.php?rest_route=\/wp\/v2\/types\/page"}],"author":[{"embeddable":true,"href":"https:\/\/decoracionesval.com\/home\/index.php?rest_route=\/wp\/v2\/users\/1"}],"replies":[{"embeddable":true,"href":"https:\/\/decoracionesval.com\/home\/index.php?rest_route=%2Fwp%2Fv2%2Fcomments&post=8"}],"version-history":[{"count":70,"href":"https:\/\/decoracionesval.com\/home\/index.php?rest_route=\/wp\/v2\/pages\/8\/revisions"}],"predecessor-version":[{"id":362,"href":"https:\/\/decoracionesval.com\/home\/index.php?rest_route=\/wp\/v2\/pages\/8\/revisions\/362"}],"wp:attachment":[{"href":"https:\/\/decoracionesval.com\/home\/index.php?rest_route=%2Fwp%2Fv2%2Fmedia&parent=8"}],"curies":[{"name":"wp","href":"https:\/\/api.w.org\/{rel}","templated":true}]}}