{"id":62,"date":"2022-03-05T09:15:09","date_gmt":"2022-03-05T09:15:09","guid":{"rendered":"https:\/\/decoracionesval.com\/home\/?page_id=62"},"modified":"2026-04-21T00:51:30","modified_gmt":"2026-04-21T00:51:30","slug":"persianas-y-cortinas-en-monterrey","status":"publish","type":"page","link":"https:\/\/decoracionesval.com\/home\/","title":{"rendered":"NOSOTROS"},"content":{"rendered":"\n<div class=\"wp-block-columns is-layout-flex wp-container-core-columns-is-layout-9d6595d7 wp-block-columns-is-layout-flex\">\n<div class=\"wp-block-column is-layout-flow wp-block-column-is-layout-flow\" style=\"flex-basis:100%\"><\/div>\n<\/div>\n\n\n\n<section class=\"wp-block-uagb-columns uagb-columns__wrap uagb-columns__background-image uagb-columns__stack-mobile uagb-columns__valign- uagb-columns__gap-10 align uagb-block-e75fa541 uagb-columns__columns-1 uagb-columns__max_width-theme\"><div class=\"uagb-columns__overlay\"><\/div><div class=\"uagb-columns__inner-wrap uagb-columns__columns-1\">\n<div class=\"wp-block-uagb-column uagb-column__wrap uagb-column__background-color uagb-block-8061de5b\"><div class=\"uagb-column__overlay\"><\/div>\n<p class=\"has-text-align-center has-ast-global-color-4-color has-text-color has-x-large-font-size\"><strong>Creamos el ambiente que siempre so\u00f1aste.<\/strong><\/p>\n\n\n\n<p class=\"has-text-align-center has-ast-global-color-4-color has-text-color\" style=\"font-size:25px\"><strong>&nbsp;\u00a1M\u00e1s de 50 a\u00f1os haciendo realidad tus ideas!<\/strong><\/p>\n\n\n\n<p class=\"has-text-align-center\" style=\"font-size:15px\"><em>Somos reconocidos por nuestra experiencia en el \u00e1rea de decoraci\u00f3n, instalaciones y un amplio surtido de productos para fines residenciales, comerciales y hoteleros.<\/em><\/p>\n<\/div>\n<\/div><\/section>\n\n\n\n<section class=\"wp-block-uagb-columns uagb-columns__wrap uagb-columns__background-color uagb-columns__stack-mobile uagb-columns__valign- uagb-columns__gap-10 align uagb-block-da50de83 uagb-columns__columns-2 uagb-columns__max_width-theme\"><div class=\"uagb-columns__overlay\"><\/div><div class=\"uagb-columns__inner-wrap uagb-columns__columns-2\">\n<div class=\"wp-block-uagb-column uagb-column__wrap uagb-column__background-color uagb-block-aa41b293\"><div class=\"uagb-column__overlay\"><\/div>\n<div class=\"wp-block-buttons is-content-justification-center is-layout-flex wp-container-core-buttons-is-layout-16018d1d wp-block-buttons-is-layout-flex\">\n<div class=\"wp-block-button\"><a class=\"wp-block-button__link wp-element-button\" href=\"https:\/\/decoracionesval.com\/home\/?page_id=8\">Ver Productos<\/a><\/div>\n<\/div>\n<\/div>\n\n\n\n<div class=\"wp-block-uagb-column uagb-column__wrap uagb-column__background-color uagb-block-a40fe9bf\"><div class=\"uagb-column__overlay\"><\/div>\n<div class=\"wp-block-buttons is-content-justification-center is-layout-flex wp-container-core-buttons-is-layout-16018d1d wp-block-buttons-is-layout-flex\">\n<div class=\"wp-block-button\"><a class=\"wp-block-button__link wp-element-button\" href=\"mailto:ventas@decoracionesval.com?subject=Cotizaci\u00f3n%20para%20cortinas\">Solicitar Cotizaci\u00f3n<\/a><\/div>\n<\/div>\n<\/div>\n<\/div><\/section>\n\n\n\n<p><\/p>\n","protected":false},"excerpt":{"rendered":"<p>Creamos el ambiente que siempre so\u00f1aste. &nbsp;\u00a1M\u00e1s de 50 a\u00f1os haciendo realidad tus ideas! Somos reconocidos por nuestra experiencia en el \u00e1rea de decoraci\u00f3n, instalaciones y un amplio surtido de productos para fines residenciales, comerciales y hoteleros.<\/p>\n","protected":false},"author":1,"featured_media":0,"parent":0,"menu_order":0,"comment_status":"closed","ping_status":"closed","template":"","meta":{"_uag_custom_page_level_css":"","site-sidebar-layout":"no-sidebar","site-content-layout":"page-builder","ast-main-header-display":"","ast-hfb-above-header-display":"","ast-hfb-below-header-display":"","ast-hfb-mobile-header-display":"","site-post-title":"disabled","ast-breadcrumbs-content":"","ast-featured-img":"","footer-sml-layout":"","theme-transparent-header-meta":"","adv-header-id-meta":"","stick-header-meta":"","header-above-stick-meta":"","header-main-stick-meta":"","header-below-stick-meta":"","footnotes":""},"class_list":["post-62","page","type-page","status-publish","hentry"],"yoast_head":"<!-- This site is optimized with the Yoast SEO plugin v18.4.1 - https:\/\/yoast.com\/wordpress\/plugins\/seo\/ -->\n<title>Decoraciones Val - Decoraciones en Hotel y Residencia<\/title>\n<meta name=\"description\" content=\"M\u00e1s de 50 a\u00f1os de experiencia en residencial y hoteler\u00eda Instalaci\u00f3n de persianas y cortinas en casas y hoteler\u00eda.\" \/>\n<meta name=\"robots\" content=\"index, follow, max-snippet:-1, max-image-preview:large, max-video-preview:-1\" \/>\n<link rel=\"canonical\" href=\"https:\/\/decoracionesval.com\/home\/\" \/>\n<meta property=\"og:locale\" content=\"es_ES\" \/>\n<meta property=\"og:type\" content=\"article\" \/>\n<meta property=\"og:title\" content=\"Decoraciones Val - Decoraciones en Hotel y Residencia\" \/>\n<meta property=\"og:description\" content=\"M\u00e1s de 50 a\u00f1os de experiencia en residencial y hoteler\u00eda Instalaci\u00f3n de persianas y cortinas en casas y hoteler\u00eda.\" \/>\n<meta property=\"og:url\" content=\"https:\/\/decoracionesval.com\/home\/\" \/>\n<meta property=\"og:site_name\" content=\"Decoraciones Val\" \/>\n<meta property=\"article:modified_time\" content=\"2026-04-21T00:51:30+00:00\" \/>\n<meta name=\"twitter:card\" content=\"summary_large_image\" \/>\n<meta name=\"twitter:label1\" content=\"Tiempo de lectura\" \/>\n\t<meta name=\"twitter:data1\" content=\"1 minuto\" \/>\n<script type=\"application\/ld+json\" class=\"yoast-schema-graph\">{\"@context\":\"https:\/\/schema.org\",\"@graph\":[{\"@type\":\"Organization\",\"@id\":\"https:\/\/decoracionesval.com\/home\/#organization\",\"name\":\"Decoraciones Val\",\"url\":\"https:\/\/decoracionesval.com\/home\/\",\"sameAs\":[],\"logo\":{\"@type\":\"ImageObject\",\"@id\":\"https:\/\/decoracionesval.com\/home\/#logo\",\"inLanguage\":\"es\",\"url\":\"https:\/\/decoracionesval.com\/home\/wp-content\/uploads\/2022\/03\/12011385_1492077974450793_6920061430144974907_n.png\",\"contentUrl\":\"https:\/\/decoracionesval.com\/home\/wp-content\/uploads\/2022\/03\/12011385_1492077974450793_6920061430144974907_n.png\",\"width\":640,\"height\":640,\"caption\":\"Decoraciones Val\"},\"image\":{\"@id\":\"https:\/\/decoracionesval.com\/home\/#logo\"}},{\"@type\":\"WebSite\",\"@id\":\"https:\/\/decoracionesval.com\/home\/#website\",\"url\":\"https:\/\/decoracionesval.com\/home\/\",\"name\":\"Decoraciones Val\",\"description\":\"M\u00e1s de 50 a\u00f1os de experiencia en residencial y hoteler\u00eda\",\"publisher\":{\"@id\":\"https:\/\/decoracionesval.com\/home\/#organization\"},\"potentialAction\":[{\"@type\":\"SearchAction\",\"target\":{\"@type\":\"EntryPoint\",\"urlTemplate\":\"https:\/\/decoracionesval.com\/home\/?s={search_term_string}\"},\"query-input\":\"required name=search_term_string\"}],\"inLanguage\":\"es\"},{\"@type\":\"WebPage\",\"@id\":\"https:\/\/decoracionesval.com\/home\/#webpage\",\"url\":\"https:\/\/decoracionesval.com\/home\/\",\"name\":\"Decoraciones Val - Decoraciones en Hotel y Residencia\",\"isPartOf\":{\"@id\":\"https:\/\/decoracionesval.com\/home\/#website\"},\"datePublished\":\"2022-03-05T09:15:09+00:00\",\"dateModified\":\"2026-04-21T00:51:30+00:00\",\"description\":\"M\u00e1s de 50 a\u00f1os de experiencia en residencial y hoteler\u00eda Instalaci\u00f3n de persianas y cortinas en casas y hoteler\u00eda.\",\"breadcrumb\":{\"@id\":\"https:\/\/decoracionesval.com\/home\/#breadcrumb\"},\"inLanguage\":\"es\",\"potentialAction\":[{\"@type\":\"ReadAction\",\"target\":[\"https:\/\/decoracionesval.com\/home\/\"]}]},{\"@type\":\"BreadcrumbList\",\"@id\":\"https:\/\/decoracionesval.com\/home\/#breadcrumb\",\"itemListElement\":[{\"@type\":\"ListItem\",\"position\":1,\"name\":\"Portada\",\"item\":\"https:\/\/decoracionesval.com\/home\/\"},{\"@type\":\"ListItem\",\"position\":2,\"name\":\"NOSOTROS\"}]},{\"@type\":\"Article\",\"@id\":\"https:\/\/decoracionesval.com\/home\/#article\",\"isPartOf\":{\"@id\":\"https:\/\/decoracionesval.com\/home\/#webpage\"},\"author\":{\"@id\":\"https:\/\/decoracionesval.com\/home\/#\/schema\/person\/0401c38bb908b80649b1a160b29e8981\"},\"headline\":\"NOSOTROS\",\"datePublished\":\"2022-03-05T09:15:09+00:00\",\"dateModified\":\"2026-04-21T00:51:30+00:00\",\"mainEntityOfPage\":{\"@id\":\"https:\/\/decoracionesval.com\/home\/#webpage\"},\"wordCount\":47,\"publisher\":{\"@id\":\"https:\/\/decoracionesval.com\/home\/#organization\"},\"inLanguage\":\"es\"},{\"@type\":\"Person\",\"@id\":\"https:\/\/decoracionesval.com\/home\/#\/schema\/person\/0401c38bb908b80649b1a160b29e8981\",\"name\":\"admin\",\"image\":{\"@type\":\"ImageObject\",\"@id\":\"https:\/\/decoracionesval.com\/home\/#personlogo\",\"inLanguage\":\"es\",\"url\":\"https:\/\/secure.gravatar.com\/avatar\/dbea05c862cbad0caba7001dfd4df903813436386c170eac7eb9cef96397cae4?s=96&d=mm&r=g\",\"contentUrl\":\"https:\/\/secure.gravatar.com\/avatar\/dbea05c862cbad0caba7001dfd4df903813436386c170eac7eb9cef96397cae4?s=96&d=mm&r=g\",\"caption\":\"admin\"},\"url\":\"https:\/\/decoracionesval.com\/home\/?author=1\"}]}<\/script>\n<!-- \/ Yoast SEO plugin. -->","yoast_head_json":{"title":"Decoraciones Val - Decoraciones en Hotel y Residencia","description":"M\u00e1s de 50 a\u00f1os de experiencia en residencial y hoteler\u00eda Instalaci\u00f3n de persianas y cortinas en casas y hoteler\u00eda.","robots":{"index":"index","follow":"follow","max-snippet":"max-snippet:-1","max-image-preview":"max-image-preview:large","max-video-preview":"max-video-preview:-1"},"canonical":"https:\/\/decoracionesval.com\/home\/","og_locale":"es_ES","og_type":"article","og_title":"Decoraciones Val - Decoraciones en Hotel y Residencia","og_description":"M\u00e1s de 50 a\u00f1os de experiencia en residencial y hoteler\u00eda Instalaci\u00f3n de persianas y cortinas en casas y hoteler\u00eda.","og_url":"https:\/\/decoracionesval.com\/home\/","og_site_name":"Decoraciones Val","article_modified_time":"2026-04-21T00:51:30+00:00","twitter_card":"summary_large_image","twitter_misc":{"Tiempo de lectura":"1 minuto"},"schema":{"@context":"https:\/\/schema.org","@graph":[{"@type":"Organization","@id":"https:\/\/decoracionesval.com\/home\/#organization","name":"Decoraciones Val","url":"https:\/\/decoracionesval.com\/home\/","sameAs":[],"logo":{"@type":"ImageObject","@id":"https:\/\/decoracionesval.com\/home\/#logo","inLanguage":"es","url":"https:\/\/decoracionesval.com\/home\/wp-content\/uploads\/2022\/03\/12011385_1492077974450793_6920061430144974907_n.png","contentUrl":"https:\/\/decoracionesval.com\/home\/wp-content\/uploads\/2022\/03\/12011385_1492077974450793_6920061430144974907_n.png","width":640,"height":640,"caption":"Decoraciones Val"},"image":{"@id":"https:\/\/decoracionesval.com\/home\/#logo"}},{"@type":"WebSite","@id":"https:\/\/decoracionesval.com\/home\/#website","url":"https:\/\/decoracionesval.com\/home\/","name":"Decoraciones Val","description":"M\u00e1s de 50 a\u00f1os de experiencia en residencial y hoteler\u00eda","publisher":{"@id":"https:\/\/decoracionesval.com\/home\/#organization"},"potentialAction":[{"@type":"SearchAction","target":{"@type":"EntryPoint","urlTemplate":"https:\/\/decoracionesval.com\/home\/?s={search_term_string}"},"query-input":"required name=search_term_string"}],"inLanguage":"es"},{"@type":"WebPage","@id":"https:\/\/decoracionesval.com\/home\/#webpage","url":"https:\/\/decoracionesval.com\/home\/","name":"Decoraciones Val - Decoraciones en Hotel y Residencia","isPartOf":{"@id":"https:\/\/decoracionesval.com\/home\/#website"},"datePublished":"2022-03-05T09:15:09+00:00","dateModified":"2026-04-21T00:51:30+00:00","description":"M\u00e1s de 50 a\u00f1os de experiencia en residencial y hoteler\u00eda Instalaci\u00f3n de persianas y cortinas en casas y hoteler\u00eda.","breadcrumb":{"@id":"https:\/\/decoracionesval.com\/home\/#breadcrumb"},"inLanguage":"es","potentialAction":[{"@type":"ReadAction","target":["https:\/\/decoracionesval.com\/home\/"]}]},{"@type":"BreadcrumbList","@id":"https:\/\/decoracionesval.com\/home\/#breadcrumb","itemListElement":[{"@type":"ListItem","position":1,"name":"Portada","item":"https:\/\/decoracionesval.com\/home\/"},{"@type":"ListItem","position":2,"name":"NOSOTROS"}]},{"@type":"Article","@id":"https:\/\/decoracionesval.com\/home\/#article","isPartOf":{"@id":"https:\/\/decoracionesval.com\/home\/#webpage"},"author":{"@id":"https:\/\/decoracionesval.com\/home\/#\/schema\/person\/0401c38bb908b80649b1a160b29e8981"},"headline":"NOSOTROS","datePublished":"2022-03-05T09:15:09+00:00","dateModified":"2026-04-21T00:51:30+00:00","mainEntityOfPage":{"@id":"https:\/\/decoracionesval.com\/home\/#webpage"},"wordCount":47,"publisher":{"@id":"https:\/\/decoracionesval.com\/home\/#organization"},"inLanguage":"es"},{"@type":"Person","@id":"https:\/\/decoracionesval.com\/home\/#\/schema\/person\/0401c38bb908b80649b1a160b29e8981","name":"admin","image":{"@type":"ImageObject","@id":"https:\/\/decoracionesval.com\/home\/#personlogo","inLanguage":"es","url":"https:\/\/secure.gravatar.com\/avatar\/dbea05c862cbad0caba7001dfd4df903813436386c170eac7eb9cef96397cae4?s=96&d=mm&r=g","contentUrl":"https:\/\/secure.gravatar.com\/avatar\/dbea05c862cbad0caba7001dfd4df903813436386c170eac7eb9cef96397cae4?s=96&d=mm&r=g","caption":"admin"},"url":"https:\/\/decoracionesval.com\/home\/?author=1"}]}},"uagb_featured_image_src":{"full":false,"thumbnail":false,"medium":false,"medium_large":false,"large":false,"1536x1536":false,"2048x2048":false},"uagb_author_info":{"display_name":"admin","author_link":"https:\/\/decoracionesval.com\/home\/?author=1"},"uagb_comment_info":0,"uagb_excerpt":"Creamos el ambiente que siempre so\u00f1aste. &nbsp;\u00a1M\u00e1s de 50 a\u00f1os haciendo realidad tus ideas! Somos reconocidos por nuestra experiencia en el \u00e1rea de decoraci\u00f3n, instalaciones y un amplio surtido de productos para fines residenciales, comerciales y hoteleros.","_links":{"self":[{"href":"https:\/\/decoracionesval.com\/home\/index.php?rest_route=\/wp\/v2\/pages\/62","targetHints":{"allow":["GET"]}}],"collection":[{"href":"https:\/\/decoracionesval.com\/home\/index.php?rest_route=\/wp\/v2\/pages"}],"about":[{"href":"https:\/\/decoracionesval.com\/home\/index.php?rest_route=\/wp\/v2\/types\/page"}],"author":[{"embeddable":true,"href":"https:\/\/decoracionesval.com\/home\/index.php?rest_route=\/wp\/v2\/users\/1"}],"replies":[{"embeddable":true,"href":"https:\/\/decoracionesval.com\/home\/index.php?rest_route=%2Fwp%2Fv2%2Fcomments&post=62"}],"version-history":[{"count":110,"href":"https:\/\/decoracionesval.com\/home\/index.php?rest_route=\/wp\/v2\/pages\/62\/revisions"}],"predecessor-version":[{"id":416,"href":"https:\/\/decoracionesval.com\/home\/index.php?rest_route=\/wp\/v2\/pages\/62\/revisions\/416"}],"wp:attachment":[{"href":"https:\/\/decoracionesval.com\/home\/index.php?rest_route=%2Fwp%2Fv2%2Fmedia&parent=62"}],"curies":[{"name":"wp","href":"https:\/\/api.w.org\/{rel}","templated":true}]}}