{"id":104,"date":"2022-03-05T15:55:15","date_gmt":"2022-03-05T15:55:15","guid":{"rendered":"https:\/\/decoracionesval.com\/home\/?page_id=104"},"modified":"2022-03-18T20:15:24","modified_gmt":"2022-03-18T20:15:24","slug":"proyectos","status":"publish","type":"page","link":"https:\/\/decoracionesval.com\/home\/?page_id=104","title":{"rendered":"PROYECTOS"},"content":{"rendered":"\n<div class=\"wp-block-columns is-layout-flex wp-container-core-columns-is-layout-9d6595d7 wp-block-columns-is-layout-flex\">\n<div class=\"wp-block-column is-layout-flow wp-block-column-is-layout-flow\" style=\"flex-basis:100%\">\n<section class=\"wp-block-uagb-columns uagb-columns__wrap uagb-columns__background-undefined uagb-columns__stack-mobile uagb-columns__valign-undefined uagb-columns__gap-10 alignundefined uagb-block-24fd3252\"><div class=\"uagb-columns__overlay\"><\/div><div class=\"uagb-columns__inner-wrap uagb-columns__columns-1\">\n<div class=\"wp-block-uagb-column uagb-column__wrap uagb-column__background-undefined uagb-block-8169d939\"><div class=\"uagb-column__overlay\"><\/div><div class=\"uagb-column__inner-wrap\">\n<figure class=\"wp-block-gallery has-nested-images columns-default is-cropped wp-block-gallery-1 is-layout-flex wp-block-gallery-is-layout-flex\">\n<figure class=\"wp-block-image size-full\"><img loading=\"lazy\" decoding=\"async\" width=\"399\" height=\"502\" data-id=\"194\" src=\"https:\/\/decoracionesval.com\/home\/wp-content\/uploads\/2022\/03\/Captura-de-Pantalla-2022-03-11-a-las-18.11.33-1.png\" alt=\"\" class=\"wp-image-194\" srcset=\"https:\/\/decoracionesval.com\/home\/wp-content\/uploads\/2022\/03\/Captura-de-Pantalla-2022-03-11-a-las-18.11.33-1.png 399w, https:\/\/decoracionesval.com\/home\/wp-content\/uploads\/2022\/03\/Captura-de-Pantalla-2022-03-11-a-las-18.11.33-1-238x300.png 238w\" sizes=\"auto, (max-width: 399px) 100vw, 399px\" \/><figcaption><mark style=\"background-color:rgba(0, 0, 0, 0)\" class=\"has-inline-color has-ast-global-color-5-color\"><strong><em>RESIDENCIAL<\/em><\/strong><\/mark><\/figcaption><\/figure>\n\n\n\n<figure class=\"wp-block-image size-full\"><img loading=\"lazy\" decoding=\"async\" width=\"409\" height=\"501\" data-id=\"198\" src=\"https:\/\/decoracionesval.com\/home\/wp-content\/uploads\/2022\/03\/Captura-de-Pantalla-2022-03-11-a-las-17.53.19-1.png\" alt=\"\" class=\"wp-image-198\" srcset=\"https:\/\/decoracionesval.com\/home\/wp-content\/uploads\/2022\/03\/Captura-de-Pantalla-2022-03-11-a-las-17.53.19-1.png 409w, https:\/\/decoracionesval.com\/home\/wp-content\/uploads\/2022\/03\/Captura-de-Pantalla-2022-03-11-a-las-17.53.19-1-245x300.png 245w\" sizes=\"auto, (max-width: 409px) 100vw, 409px\" \/><figcaption><strong><em>OFICINA<\/em><\/strong><\/figcaption><\/figure>\n\n\n\n<figure class=\"wp-block-image size-full\"><img loading=\"lazy\" decoding=\"async\" width=\"415\" height=\"505\" data-id=\"175\" src=\"https:\/\/decoracionesval.com\/home\/wp-content\/uploads\/2022\/03\/Captura-de-Pantalla-2022-03-11-a-las-16.43.06.png\" alt=\"\" class=\"wp-image-175\" srcset=\"https:\/\/decoracionesval.com\/home\/wp-content\/uploads\/2022\/03\/Captura-de-Pantalla-2022-03-11-a-las-16.43.06.png 415w, https:\/\/decoracionesval.com\/home\/wp-content\/uploads\/2022\/03\/Captura-de-Pantalla-2022-03-11-a-las-16.43.06-247x300.png 247w\" sizes=\"auto, (max-width: 415px) 100vw, 415px\" \/><figcaption><strong><em>HOTELERIA<\/em><\/strong><\/figcaption><\/figure>\n<\/figure>\n<\/div><\/div>\n<\/div><\/section>\n<\/div>\n<\/div>\n\n\n\n<p><\/p>\n","protected":false},"excerpt":{"rendered":"","protected":false},"author":1,"featured_media":0,"parent":0,"menu_order":0,"comment_status":"closed","ping_status":"closed","template":"","meta":{"_uag_custom_page_level_css":"","site-sidebar-layout":"default","site-content-layout":"default","ast-main-header-display":"","ast-hfb-above-header-display":"","ast-hfb-below-header-display":"","ast-hfb-mobile-header-display":"","site-post-title":"","ast-breadcrumbs-content":"","ast-featured-img":"","footer-sml-layout":"","theme-transparent-header-meta":"","adv-header-id-meta":"","stick-header-meta":"","header-above-stick-meta":"","header-main-stick-meta":"","header-below-stick-meta":"","footnotes":""},"class_list":["post-104","page","type-page","status-publish","hentry"],"yoast_head":"<!-- This site is optimized with the Yoast SEO plugin v18.4.1 - https:\/\/yoast.com\/wordpress\/plugins\/seo\/ -->\n<title>PROYECTOS - Decoraciones Val<\/title>\n<meta name=\"robots\" content=\"index, follow, max-snippet:-1, max-image-preview:large, max-video-preview:-1\" \/>\n<link rel=\"canonical\" href=\"https:\/\/decoracionesval.com\/home\/?page_id=104\" \/>\n<meta property=\"og:locale\" content=\"es_ES\" \/>\n<meta property=\"og:type\" content=\"article\" \/>\n<meta property=\"og:title\" content=\"PROYECTOS - Decoraciones Val\" \/>\n<meta property=\"og:url\" content=\"https:\/\/decoracionesval.com\/home\/?page_id=104\" \/>\n<meta property=\"og:site_name\" content=\"Decoraciones Val\" \/>\n<meta property=\"article:modified_time\" content=\"2022-03-18T20:15:24+00:00\" \/>\n<meta property=\"og:image\" content=\"https:\/\/decoracionesval.com\/home\/wp-content\/uploads\/2022\/03\/Captura-de-Pantalla-2022-03-11-a-las-18.11.33-1.png\" \/>\n<meta name=\"twitter:card\" content=\"summary_large_image\" \/>\n<script type=\"application\/ld+json\" class=\"yoast-schema-graph\">{\"@context\":\"https:\/\/schema.org\",\"@graph\":[{\"@type\":\"Organization\",\"@id\":\"https:\/\/decoracionesval.com\/home\/#organization\",\"name\":\"Decoraciones Val\",\"url\":\"https:\/\/decoracionesval.com\/home\/\",\"sameAs\":[],\"logo\":{\"@type\":\"ImageObject\",\"@id\":\"https:\/\/decoracionesval.com\/home\/#logo\",\"inLanguage\":\"es\",\"url\":\"https:\/\/decoracionesval.com\/home\/wp-content\/uploads\/2022\/03\/12011385_1492077974450793_6920061430144974907_n.png\",\"contentUrl\":\"https:\/\/decoracionesval.com\/home\/wp-content\/uploads\/2022\/03\/12011385_1492077974450793_6920061430144974907_n.png\",\"width\":640,\"height\":640,\"caption\":\"Decoraciones Val\"},\"image\":{\"@id\":\"https:\/\/decoracionesval.com\/home\/#logo\"}},{\"@type\":\"WebSite\",\"@id\":\"https:\/\/decoracionesval.com\/home\/#website\",\"url\":\"https:\/\/decoracionesval.com\/home\/\",\"name\":\"Decoraciones Val\",\"description\":\"M\u00e1s de 50 a\u00f1os de experiencia en residencial y hoteler\u00eda\",\"publisher\":{\"@id\":\"https:\/\/decoracionesval.com\/home\/#organization\"},\"potentialAction\":[{\"@type\":\"SearchAction\",\"target\":{\"@type\":\"EntryPoint\",\"urlTemplate\":\"https:\/\/decoracionesval.com\/home\/?s={search_term_string}\"},\"query-input\":\"required name=search_term_string\"}],\"inLanguage\":\"es\"},{\"@type\":\"ImageObject\",\"@id\":\"https:\/\/decoracionesval.com\/home\/?page_id=104#primaryimage\",\"inLanguage\":\"es\",\"url\":\"https:\/\/decoracionesval.com\/home\/wp-content\/uploads\/2022\/03\/Captura-de-Pantalla-2022-03-11-a-las-18.11.33-1.png\",\"contentUrl\":\"https:\/\/decoracionesval.com\/home\/wp-content\/uploads\/2022\/03\/Captura-de-Pantalla-2022-03-11-a-las-18.11.33-1.png\",\"width\":399,\"height\":502},{\"@type\":\"WebPage\",\"@id\":\"https:\/\/decoracionesval.com\/home\/?page_id=104#webpage\",\"url\":\"https:\/\/decoracionesval.com\/home\/?page_id=104\",\"name\":\"PROYECTOS - Decoraciones Val\",\"isPartOf\":{\"@id\":\"https:\/\/decoracionesval.com\/home\/#website\"},\"primaryImageOfPage\":{\"@id\":\"https:\/\/decoracionesval.com\/home\/?page_id=104#primaryimage\"},\"datePublished\":\"2022-03-05T15:55:15+00:00\",\"dateModified\":\"2022-03-18T20:15:24+00:00\",\"breadcrumb\":{\"@id\":\"https:\/\/decoracionesval.com\/home\/?page_id=104#breadcrumb\"},\"inLanguage\":\"es\",\"potentialAction\":[{\"@type\":\"ReadAction\",\"target\":[\"https:\/\/decoracionesval.com\/home\/?page_id=104\"]}]},{\"@type\":\"BreadcrumbList\",\"@id\":\"https:\/\/decoracionesval.com\/home\/?page_id=104#breadcrumb\",\"itemListElement\":[{\"@type\":\"ListItem\",\"position\":1,\"name\":\"Portada\",\"item\":\"https:\/\/decoracionesval.com\/home\/\"},{\"@type\":\"ListItem\",\"position\":2,\"name\":\"PROYECTOS\"}]}]}<\/script>\n<!-- \/ Yoast SEO plugin. -->","yoast_head_json":{"title":"PROYECTOS - Decoraciones Val","robots":{"index":"index","follow":"follow","max-snippet":"max-snippet:-1","max-image-preview":"max-image-preview:large","max-video-preview":"max-video-preview:-1"},"canonical":"https:\/\/decoracionesval.com\/home\/?page_id=104","og_locale":"es_ES","og_type":"article","og_title":"PROYECTOS - Decoraciones Val","og_url":"https:\/\/decoracionesval.com\/home\/?page_id=104","og_site_name":"Decoraciones Val","article_modified_time":"2022-03-18T20:15:24+00:00","og_image":[{"url":"https:\/\/decoracionesval.com\/home\/wp-content\/uploads\/2022\/03\/Captura-de-Pantalla-2022-03-11-a-las-18.11.33-1.png"}],"twitter_card":"summary_large_image","schema":{"@context":"https:\/\/schema.org","@graph":[{"@type":"Organization","@id":"https:\/\/decoracionesval.com\/home\/#organization","name":"Decoraciones Val","url":"https:\/\/decoracionesval.com\/home\/","sameAs":[],"logo":{"@type":"ImageObject","@id":"https:\/\/decoracionesval.com\/home\/#logo","inLanguage":"es","url":"https:\/\/decoracionesval.com\/home\/wp-content\/uploads\/2022\/03\/12011385_1492077974450793_6920061430144974907_n.png","contentUrl":"https:\/\/decoracionesval.com\/home\/wp-content\/uploads\/2022\/03\/12011385_1492077974450793_6920061430144974907_n.png","width":640,"height":640,"caption":"Decoraciones Val"},"image":{"@id":"https:\/\/decoracionesval.com\/home\/#logo"}},{"@type":"WebSite","@id":"https:\/\/decoracionesval.com\/home\/#website","url":"https:\/\/decoracionesval.com\/home\/","name":"Decoraciones Val","description":"M\u00e1s de 50 a\u00f1os de experiencia en residencial y hoteler\u00eda","publisher":{"@id":"https:\/\/decoracionesval.com\/home\/#organization"},"potentialAction":[{"@type":"SearchAction","target":{"@type":"EntryPoint","urlTemplate":"https:\/\/decoracionesval.com\/home\/?s={search_term_string}"},"query-input":"required name=search_term_string"}],"inLanguage":"es"},{"@type":"ImageObject","@id":"https:\/\/decoracionesval.com\/home\/?page_id=104#primaryimage","inLanguage":"es","url":"https:\/\/decoracionesval.com\/home\/wp-content\/uploads\/2022\/03\/Captura-de-Pantalla-2022-03-11-a-las-18.11.33-1.png","contentUrl":"https:\/\/decoracionesval.com\/home\/wp-content\/uploads\/2022\/03\/Captura-de-Pantalla-2022-03-11-a-las-18.11.33-1.png","width":399,"height":502},{"@type":"WebPage","@id":"https:\/\/decoracionesval.com\/home\/?page_id=104#webpage","url":"https:\/\/decoracionesval.com\/home\/?page_id=104","name":"PROYECTOS - Decoraciones Val","isPartOf":{"@id":"https:\/\/decoracionesval.com\/home\/#website"},"primaryImageOfPage":{"@id":"https:\/\/decoracionesval.com\/home\/?page_id=104#primaryimage"},"datePublished":"2022-03-05T15:55:15+00:00","dateModified":"2022-03-18T20:15:24+00:00","breadcrumb":{"@id":"https:\/\/decoracionesval.com\/home\/?page_id=104#breadcrumb"},"inLanguage":"es","potentialAction":[{"@type":"ReadAction","target":["https:\/\/decoracionesval.com\/home\/?page_id=104"]}]},{"@type":"BreadcrumbList","@id":"https:\/\/decoracionesval.com\/home\/?page_id=104#breadcrumb","itemListElement":[{"@type":"ListItem","position":1,"name":"Portada","item":"https:\/\/decoracionesval.com\/home\/"},{"@type":"ListItem","position":2,"name":"PROYECTOS"}]}]}},"uagb_featured_image_src":{"full":false,"thumbnail":false,"medium":false,"medium_large":false,"large":false,"1536x1536":false,"2048x2048":false},"uagb_author_info":{"display_name":"admin","author_link":"https:\/\/decoracionesval.com\/home\/?author=1"},"uagb_comment_info":0,"uagb_excerpt":null,"_links":{"self":[{"href":"https:\/\/decoracionesval.com\/home\/index.php?rest_route=\/wp\/v2\/pages\/104","targetHints":{"allow":["GET"]}}],"collection":[{"href":"https:\/\/decoracionesval.com\/home\/index.php?rest_route=\/wp\/v2\/pages"}],"about":[{"href":"https:\/\/decoracionesval.com\/home\/index.php?rest_route=\/wp\/v2\/types\/page"}],"author":[{"embeddable":true,"href":"https:\/\/decoracionesval.com\/home\/index.php?rest_route=\/wp\/v2\/users\/1"}],"replies":[{"embeddable":true,"href":"https:\/\/decoracionesval.com\/home\/index.php?rest_route=%2Fwp%2Fv2%2Fcomments&post=104"}],"version-history":[{"count":6,"href":"https:\/\/decoracionesval.com\/home\/index.php?rest_route=\/wp\/v2\/pages\/104\/revisions"}],"predecessor-version":[{"id":250,"href":"https:\/\/decoracionesval.com\/home\/index.php?rest_route=\/wp\/v2\/pages\/104\/revisions\/250"}],"wp:attachment":[{"href":"https:\/\/decoracionesval.com\/home\/index.php?rest_route=%2Fwp%2Fv2%2Fmedia&parent=104"}],"curies":[{"name":"wp","href":"https:\/\/api.w.org\/{rel}","templated":true}]}}